{"id":2,"date":"2011-10-07T06:51:42","date_gmt":"2011-10-07T06:51:42","guid":{"rendered":"http:\/\/mevent.se.preview.citynetwork.se\/?page_id=2"},"modified":"2011-12-29T09:34:52","modified_gmt":"2011-12-29T08:34:52","slug":"om","status":"publish","type":"page","link":"https:\/\/mevent.se\/","title":{"rendered":"Aff\u00e4rssystem f\u00f6r tillverkande industri"},"content":{"rendered":"<table style=\"width: 100%; height: 100%; border: 0px;\" border=\"0\" cellspacing=\"0\" cellpadding=\"0\">\n<tbody>\n<tr>\n<td valign=\"top\" width=\"600\">\n<h1><a style=\"line-height: 22px; text-decoration: underline; font-family: 'Helvetica Neue', Arial, 'Liberation Sans', FreeSans, sans-serif; font-size: 15px; text-align: left;\" href=\"http:\/\/mevent.se\/?page_id=261\"><img decoding=\"async\" loading=\"lazy\" class=\"alignleft size-full wp-image-488\" style=\"border-style: initial; border-color: initial; margin-top: 10px; margin-bottom: 10px; margin-left: 0px; margin-right: 0px; border-width: 0px;\" title=\"Minerva2_Ugglor1\" src=\"http:\/\/mevent.se.preview.citynetwork.se\/wp-content\/uploads\/2011\/10\/Minerva2_Ugglor1.jpg\" alt=\"\" width=\"379\" height=\"103\" srcset=\"https:\/\/mevent.se\/wp-content\/uploads\/2011\/10\/Minerva2_Ugglor1.jpg 631w, https:\/\/mevent.se\/wp-content\/uploads\/2011\/10\/Minerva2_Ugglor1-300x81.jpg 300w\" sizes=\"(max-width: 379px) 100vw, 379px\" \/><\/a><\/h1>\n<\/td>\n<\/tr>\n<tr>\n<td valign=\"top\" width=\"600\">\n<h1><img decoding=\"async\" loading=\"lazy\" style=\"border-style: initial; border-color: initial; margin-top: 20px; margin-bottom: 20px; border-width: 0px;\" src=\"http:\/\/mevent.se\/wp-content\/uploads\/2011\/10\/Minerva-rubrik12.jpg\" alt=\"L\u00e4gg till en bild\" width=\"587\" height=\"267\" \/><\/h1>\n<\/td>\n<\/tr>\n<tr>\n<td valign=\"top\" width=\"600\"><span style=\"color: #000080;\"><span style=\"color: #000080;\">Minerva2 kan formas efter ditt f\u00f6retags unika behov och dina arbetsprocesser och st\u00f6djer<\/span><br \/>\n<span style=\"color: #000080;\">medarbetarnas arbetsuppgifter.\u00a0Minerva2 hanterar och analyserar information \u00f6ver f\u00f6rs\u00e4ljning,\u00a0<\/span><span class=\"Apple-style-span\">produktion och ekonomi och ger dig mer och mer kontroll \u00f6ver din verksamhet. <\/span><a title=\"Minerva2\" href=\"http:\/\/mevent.se\/?page_id=261\"><span style=\"color: #000080;\">L\u00e4s mer &gt;&gt;<\/span><\/a><\/span><\/td>\n<\/tr>\n<\/tbody>\n<\/table>\n","protected":false},"excerpt":{"rendered":"<p>Minerva2 kan formas efter ditt f\u00f6retags unika behov och dina arbetsprocesser och st\u00f6djer medarbetarnas arbetsuppgifter.\u00a0Minerva2 hanterar och analyserar information \u00f6ver f\u00f6rs\u00e4ljning,\u00a0produktion och ekonomi och ger dig mer och mer kontroll \u00f6ver din verksamhet. L\u00e4s mer &gt;&gt;<\/p>\n","protected":false},"author":2,"featured_media":0,"parent":0,"menu_order":0,"comment_status":"closed","ping_status":"closed","template":"","meta":{"site-sidebar-layout":"default","site-content-layout":"","ast-site-content-layout":"","site-content-style":"default","site-sidebar-style":"default","ast-global-header-display":"","ast-banner-title-visibility":"","ast-main-header-display":"","ast-hfb-above-header-display":"","ast-hfb-below-header-display":"","ast-hfb-mobile-header-display":"","site-post-title":"","ast-breadcrumbs-content":"","ast-featured-img":"","footer-sml-layout":"","theme-transparent-header-meta":"","adv-header-id-meta":"","stick-header-meta":"","header-above-stick-meta":"","header-main-stick-meta":"","header-below-stick-meta":"","astra-migrate-meta-layouts":""},"_links":{"self":[{"href":"https:\/\/mevent.se\/index.php?rest_route=\/wp\/v2\/pages\/2"}],"collection":[{"href":"https:\/\/mevent.se\/index.php?rest_route=\/wp\/v2\/pages"}],"about":[{"href":"https:\/\/mevent.se\/index.php?rest_route=\/wp\/v2\/types\/page"}],"author":[{"embeddable":true,"href":"https:\/\/mevent.se\/index.php?rest_route=\/wp\/v2\/users\/2"}],"replies":[{"embeddable":true,"href":"https:\/\/mevent.se\/index.php?rest_route=%2Fwp%2Fv2%2Fcomments&post=2"}],"version-history":[{"count":285,"href":"https:\/\/mevent.se\/index.php?rest_route=\/wp\/v2\/pages\/2\/revisions"}],"predecessor-version":[{"id":61,"href":"https:\/\/mevent.se\/index.php?rest_route=\/wp\/v2\/pages\/2\/revisions\/61"}],"wp:attachment":[{"href":"https:\/\/mevent.se\/index.php?rest_route=%2Fwp%2Fv2%2Fmedia&parent=2"}],"curies":[{"name":"wp","href":"https:\/\/api.w.org\/{rel}","templated":true}]}}