{"id":13,"date":"2011-09-23T07:17:13","date_gmt":"2011-09-23T07:17:13","guid":{"rendered":"http:\/\/mevent.se.preview.citynetwork.se\/?page_id=13"},"modified":"2025-07-11T10:29:05","modified_gmt":"2025-07-11T09:29:05","slug":"kontakta-oss","status":"publish","type":"page","link":"https:\/\/mevent.se\/?page_id=13","title":{"rendered":"Kontakt"},"content":{"rendered":"\n<figure class=\"wp-block-image size-full is-resized\"><a href=\"http:\/\/mevent.se\/wp-content\/uploads\/2025\/04\/Eivon-20250330-10.jpg\"><img decoding=\"async\" loading=\"lazy\" src=\"http:\/\/mevent.se\/wp-content\/uploads\/2025\/04\/Eivon-20250330-10.jpg\" alt=\"\" class=\"wp-image-947\" width=\"131\" height=\"197\" srcset=\"https:\/\/mevent.se\/wp-content\/uploads\/2025\/04\/Eivon-20250330-10.jpg 611w, https:\/\/mevent.se\/wp-content\/uploads\/2025\/04\/Eivon-20250330-10-200x300.jpg 200w\" sizes=\"(max-width: 131px) 100vw, 131px\" \/><\/a><\/figure>\n\n\n\n<p><span style=\"color: #000000; font-family: Verdana, Arial, Helvetica, sans-serif; font-size: 12px;\"><span style=\"color: #000000; font-family: Verdana, Arial, Helvetica, sans-serif; font-size: 12px;\"><span style=\"color: #000000; font-family: Verdana, Arial, Helvetica, sans-serif; font-size: 12px;\"><span style=\"color: #000000; font-family: Verdana, Arial, Helvetica, sans-serif; font-size: 12px;\">Eivon Gustafsson<\/span><\/span><\/span><\/span><br \/><span style=\"color: #000000; font-family: Verdana, Arial, Helvetica, sans-serif; font-size: 12px;\">Lundstr\u00f6ms v\u00e4g 10<br \/>386 96 F\u00c4RJESTADEN<br \/><br \/><br \/><br \/><br \/><\/span><\/p>\n\n\n\n<figure class=\"wp-block-image\"><a href=\"http:\/\/teamviewer.com\/link\/?url=505374&amp;id=1044631617\" target=\"_blank\" rel=\"noreferrer noopener\"><img decoding=\"async\" src=\"http:\/\/www.teamviewer.com\/link\/?url=232691&amp;id=2003489552\" alt=\"TeamViewer f\u00f6r fj\u00e4rrsupport\" title=\"TeamViewer f\u00f6r fj\u00e4rrsupport\"\/><\/a><figcaption class=\"wp-element-caption\">H\u00e4r kan du koppla upp dig till mig och anv\u00e4nda min<br \/>TeamViewer-licens f\u00f6r anslutning mellan v\u00e5ra datorer.<br \/><br \/><a href=\"http:\/\/www.teamviewer.com\/link\/?url=505374&amp;id=1044631617\">http:\/\/www.teamviewer.com\/link\/?url=505374&amp;id=1044631617<\/a> <br \/>F\u00f6r att ladda ner teamviewer, kopiera och klistra in l\u00e4nken ovan i din webbl\u00e4sare<\/figcaption><\/figure>\n\n\n\n<p><\/p>\n\n\n\n<figure class=\"wp-block-image\"><img alt=\"\"\/><\/figure>\n","protected":false},"excerpt":{"rendered":"<p>Eivon GustafssonLundstr\u00f6ms v\u00e4g 10386 96 F\u00c4RJESTADEN<\/p>\n","protected":false},"author":2,"featured_media":0,"parent":0,"menu_order":5,"comment_status":"closed","ping_status":"closed","template":"","meta":{"site-sidebar-layout":"default","site-content-layout":"","ast-site-content-layout":"default","site-content-style":"default","site-sidebar-style":"default","ast-global-header-display":"","ast-banner-title-visibility":"","ast-main-header-display":"","ast-hfb-above-header-display":"","ast-hfb-below-header-display":"","ast-hfb-mobile-header-display":"","site-post-title":"","ast-breadcrumbs-content":"","ast-featured-img":"","footer-sml-layout":"","theme-transparent-header-meta":"","adv-header-id-meta":"","stick-header-meta":"","header-above-stick-meta":"","header-main-stick-meta":"","header-below-stick-meta":"","astra-migrate-meta-layouts":"set"},"_links":{"self":[{"href":"https:\/\/mevent.se\/index.php?rest_route=\/wp\/v2\/pages\/13"}],"collection":[{"href":"https:\/\/mevent.se\/index.php?rest_route=\/wp\/v2\/pages"}],"about":[{"href":"https:\/\/mevent.se\/index.php?rest_route=\/wp\/v2\/types\/page"}],"author":[{"embeddable":true,"href":"https:\/\/mevent.se\/index.php?rest_route=\/wp\/v2\/users\/2"}],"replies":[{"embeddable":true,"href":"https:\/\/mevent.se\/index.php?rest_route=%2Fwp%2Fv2%2Fcomments&post=13"}],"version-history":[{"count":151,"href":"https:\/\/mevent.se\/index.php?rest_route=\/wp\/v2\/pages\/13\/revisions"}],"predecessor-version":[{"id":950,"href":"https:\/\/mevent.se\/index.php?rest_route=\/wp\/v2\/pages\/13\/revisions\/950"}],"wp:attachment":[{"href":"https:\/\/mevent.se\/index.php?rest_route=%2Fwp%2Fv2%2Fmedia&parent=13"}],"curies":[{"name":"wp","href":"https:\/\/api.w.org\/{rel}","templated":true}]}}