{"id":261,"date":"2011-10-24T06:53:20","date_gmt":"2011-10-24T06:53:20","guid":{"rendered":"http:\/\/mevent.se.preview.citynetwork.se\/?page_id=261"},"modified":"2011-11-13T18:33:14","modified_gmt":"2011-11-13T17:33:14","slug":"minerva2","status":"publish","type":"page","link":"http:\/\/mevent.se\/?page_id=261","title":{"rendered":"Minerva2"},"content":{"rendered":"<p>Om du \u00e4r f\u00f6retagare inom ett tillverkande f\u00f6retag och vill kunna hantera order och fakturering och \u00e4ven vill g\u00f6ra produktkalkyler, f\u00f6lja upp arbetstiden och sammanst\u00e4lla efterkalkyler eller om du vill f\u00e5 f\u00f6rslag p\u00e5 ink\u00f6p och planera din produktion d\u00e5 kr\u00e4vs det ett aff\u00e4rssystem som uppfyller dina krav. Minerva2 \u00e4r i s\u00e5 fall det aff\u00e4rssystemet, som p\u00e5 enklast m\u00f6jliga s\u00e4tt, ger dig full kontroll \u00f6ver verksamheten.<\/p>\n<p><img decoding=\"async\" loading=\"lazy\" style=\"border-style: initial; border-color: initial; border-width: 0px;\" src=\"http:\/\/mevent.se\/wp-content\/uploads\/2011\/10\/Moduler4.jpg\" alt=\"L\u00e4gg till en bild\" width=\"474\" height=\"600\" \/><\/p>\n<h3>Basfunktioner<\/h3>\n<p>Minerva2 \u00e4r fr\u00e5n b\u00f6rjan utvecklat f\u00f6r verksamhet med oms\u00e4ttning mellan 5 \u2013 50 Mkr Det g\u00f6r programmet mer fokuserat p\u00e5 de viktigaste funktionerna i ett mindre f\u00f6retag. Ett exempel &#8211; Att g\u00f6ra en produktkalkyl i Minerva2 blir betydligt enklare och snabbare i j\u00e4mf\u00f6relse med samma kalkyl i ett st\u00f6rre aff\u00e4rssystem. Samma sak g\u00e4ller vid orderhantering, ink\u00f6p, tidsredovisning och planering.<\/p>\n<h3>Anpassningsbart<\/h3>\n<p>Minerva2 inneh\u00e5ller en basversion som g\u00e5r att anpassa till ditt f\u00f6retag och verksamhet. Totalt finns \u00e4ven 200 rapporter som alla g\u00e5r att modifiera och komplettera.<\/p>\n<h3>I realtid<\/h3>\n<p>Minerva2 \u00e4r helintegrerat och arbetar i realtid, dvs om du l\u00e4gger upp en produktkalkyl s\u00e5 kan alla uppgifter kring produkten anv\u00e4ndas direkt vid order, ink\u00f6p, tidst\u00e4mpling och produktionsplanering.<\/p>\n<h3>Kort implementering<\/h3>\n<p>Minerva2 g\u00e5r att anv\u00e4nda efter en kort inl\u00e4rningstid. Att starta upp och anv\u00e4nda order, fakturering kan ske p\u00e5 en vecka. Resterande funktioner med produktkalkylering, tidst\u00e4mpling mm tar l\u00e4ngre tid men kan ske efter hand som nya order hanteras.<\/p>\n<h3>F\u00f6renklad uppdatering<\/h3>\n<p>Minerva2 uppdaterar register med automatik. Om du t ex l\u00e4gger in en order p\u00e5 en ny kund s\u00e5 uppdateras kunden med nytt nr och \u00f6vriga uppgifter i kundregistret och en ny artikel uppdateras i artikelregistrat n\u00e4r ordern slutf\u00f6rs. Om du har st\u00e4mplat tid p\u00e5 ett artikelnummer kan du l\u00e5ta Minerva2 skapa en f\u00f6rkalkyl fr\u00e5n aktuella produktionstider.<\/p>\n<h3>Direktmail och l\u00e4nkar<\/h3>\n<p>Minerva2 kan hantera dokument som ordererk\u00e4nnande, fakturor, ink\u00f6psorder via mail, direkt inifr\u00e5n Minerva2, med loggning och sparade textmeddelanden. Med l\u00e4nkar kan externa dokument som t ex ritningar kopplas mot produkter eller order och distribueras tillsammans med tillverkningsunderlag.<\/p>\n<h3>Beslutsst\u00f6d<\/h3>\n<p>Minerva2 \u2013 kan med ett knapptryck &#8211; h\u00e4mta och sammanst\u00e4lla data via speciellt utformade mallar f\u00f6r beslutsst\u00f6d och presentera sammanst\u00e4llningen direkt i Excel. Det handlar om rapporter i realtid \u00f6ver f\u00f6rs\u00e4ljning och ekonomi som ger en analys \u00f6ver verksamheter och som hj\u00e4lper till att fatta b\u00e4ttre och snabbare beslut p\u00e5 r\u00e4tt underlag.<\/p>\n<h3>L\u00e5g IT-budget<\/h3>\n<p>Minerva2 g\u00e5r att inf\u00f6ra och anv\u00e4nda till en kostnad som \u00e4r l\u00e5g i f\u00f6rh\u00e5llande till de viktiga funktioner som hanteras av systemet. \u00c5rskostnaden g\u00e5r att fastst\u00e4lla eftersom inga extra kostnader tillkommer f\u00f6rutom eventuella special-anpassningar som kan offereras<\/p>\n","protected":false},"excerpt":{"rendered":"<p>Om du \u00e4r f\u00f6retagare inom ett tillverkande f\u00f6retag och vill kunna hantera order och fakturering och \u00e4ven vill g\u00f6ra produktkalkyler, f\u00f6lja upp arbetstiden och sammanst\u00e4lla efterkalkyler eller om du vill f\u00e5 f\u00f6rslag p\u00e5 ink\u00f6p och planera din produktion d\u00e5 kr\u00e4vs det ett aff\u00e4rssystem som uppfyller dina krav. Minerva2 \u00e4r i s\u00e5 fall det aff\u00e4rssystemet, som &hellip;<\/p>\n<p class=\"read-more\"> <a class=\"\" href=\"http:\/\/mevent.se\/?page_id=261\"> <span class=\"screen-reader-text\">Minerva2<\/span> L\u00e4s mer &raquo;<\/a><\/p>\n","protected":false},"author":2,"featured_media":0,"parent":0,"menu_order":1,"comment_status":"open","ping_status":"open","template":"","meta":{"site-sidebar-layout":"default","site-content-layout":"","ast-site-content-layout":"","site-content-style":"default","site-sidebar-style":"default","ast-global-header-display":"","ast-banner-title-visibility":"","ast-main-header-display":"","ast-hfb-above-header-display":"","ast-hfb-below-header-display":"","ast-hfb-mobile-header-display":"","site-post-title":"","ast-breadcrumbs-content":"","ast-featured-img":"","footer-sml-layout":"","theme-transparent-header-meta":"","adv-header-id-meta":"","stick-header-meta":"","header-above-stick-meta":"","header-main-stick-meta":"","header-below-stick-meta":"","astra-migrate-meta-layouts":""},"_links":{"self":[{"href":"http:\/\/mevent.se\/index.php?rest_route=\/wp\/v2\/pages\/261"}],"collection":[{"href":"http:\/\/mevent.se\/index.php?rest_route=\/wp\/v2\/pages"}],"about":[{"href":"http:\/\/mevent.se\/index.php?rest_route=\/wp\/v2\/types\/page"}],"author":[{"embeddable":true,"href":"http:\/\/mevent.se\/index.php?rest_route=\/wp\/v2\/users\/2"}],"replies":[{"embeddable":true,"href":"http:\/\/mevent.se\/index.php?rest_route=%2Fwp%2Fv2%2Fcomments&post=261"}],"version-history":[{"count":35,"href":"http:\/\/mevent.se\/index.php?rest_route=\/wp\/v2\/pages\/261\/revisions"}],"predecessor-version":[{"id":268,"href":"http:\/\/mevent.se\/index.php?rest_route=\/wp\/v2\/pages\/261\/revisions\/268"}],"wp:attachment":[{"href":"http:\/\/mevent.se\/index.php?rest_route=%2Fwp%2Fv2%2Fmedia&parent=261"}],"curies":[{"name":"wp","href":"https:\/\/api.w.org\/{rel}","templated":true}]}}